{"id":4413,"date":"2025-08-25T06:15:34","date_gmt":"2025-08-25T06:15:34","guid":{"rendered":"http:\/\/mine.jointcreate.com\/?page_id=4413"},"modified":"2025-11-04T07:09:53","modified_gmt":"2025-11-04T07:09:53","slug":"groups","status":"publish","type":"page","link":"https:\/\/community-baselarea.switzerland-innovation.com\/fr_ch\/groups\/","title":{"rendered":"Groups list"},"content":{"rendered":"<div data-elementor-type=\"wp-page\" data-elementor-id=\"4413\" class=\"elementor elementor-4413\">\n\t\t\t\t\t\t\t\t\t<section class=\"elementor-section elementor-top-section elementor-element elementor-element-82f0141 elementor-section-boxed elementor-section-height-default elementor-section-height-default wpr-particle-no wpr-jarallax-no wpr-parallax-no wpr-sticky-section-no\" data-id=\"82f0141\" data-element_type=\"section\">\n\t\t\t\t\t\t<div class=\"elementor-container elementor-column-gap-default\">\n\t\t\t\t\t<div class=\"elementor-column elementor-col-100 elementor-top-column elementor-element elementor-element-b751c6a\" data-id=\"b751c6a\" data-element_type=\"column\">\n\t\t\t<div class=\"elementor-widget-wrap elementor-element-populated\">\n\t\t\t\t\t\t\t\t<div class=\"elementor-element elementor-element-a0d4356 elementor-widget elementor-widget-jip-page-header\" data-id=\"a0d4356\" data-element_type=\"widget\" data-widget_type=\"jip-page-header.default\">\n\t\t\t\t<div class=\"elementor-widget-container\">\n\t\t\t        \n<style>\n    \/* Colors *\/\n    .widget__card--background,\n    .widget-card-background {\n        ;\n    }\n\n    .widget__card--list--background,\n    .widget-card-list-background {\n    ;\n    }\n\n    .widget__heading--background,\n    .widget-heading-background {\n        ;\n    }\n\n    .widget__separator--background,\n    .widget-separator-background {\n        ;\n    }\n\n    .widget__filter--background,\n    .widget-filter-background {\n        ;\n    }\n\n    .widget__characteristics--background,\n    .widget-characteristics-background {\n        ;\n    }\n\n    .widget__news-message--background,\n    .widget-news-message-background {\n        ;\n    }\n    \n    \/* Font style *\/\n    .widget__heading,\n    .widget-heading {\n        ;\n    }\n\n    .widget__label,\n    .widget-label,\n    .widget-label-icon {\n        ;\n    }\n\n    .widget__content,\n    .widget-content {\n        ;\n    }\n\n    .widget__highlight\n    .widget-highlight {\n        ;\n    }\n\n    .widget__hyperlink,\n    .widget-hyperlink,\n    .news-details__content a,\n    .ql-container .ql-editor a,\n    .jip-tinymce-content a\n    {\n        ;\n    }\n\n    .widget__bold,\n    .widget-bold {\n        ;\n    }\n\n    .btn-outline-primary, .btn-primary, .btn-paging-primary.active .page-link, .btn-text-primary {\n        border-color: #eb3c90!important;;\n    }\n    .btn-outline-primary:focus, .btn-primary:focus {\n        box-shadow: 0 0 4px 2px #eb3c90 !important;\n    }\n\n    .widget__btn, .btn-outline-primary:not(:hover):not(:focus):not(:active), .btn-link-primary, .btn-link-primary a, .btn-paging-primary .page-link, .btn-text-primary, .fc-daygrid-day-number, .fc-col-header-cell-cushion {\n        color: #eb3c90!important;;\n    }\n\n    .widget__btn-reserve, .btn-primary, .btn-paging-primary.active .page-link, .timeline-view__circle.solid-color {\n        color: #fff;\n        background: #eb3c90!important;;\n    }\n    \n    .widget__btn:hover, .widget__btn:focus, .btn-outline-primary:hover, .btn-outline-primary:active {\n        background: #ff4d00!important;;\n        border-color: #ff4d00!important;;\n    }\n\n\n    .venture-phase__bar.active, .venture-phase__circle.active:not(.current) {\n        ;\n    }\n\n    .venture-phase__circle.current .fa-circle {\n        ;\n            }\n    .venture-phase__circle.current .phase-text {\n        ;\n    }\n\n    .venture-state__item.active {\n        ;\n    }\n    \n    .btn-outline-primary.btn-search-filter:not(:disabled):not(.disabled).active, .btn-outline-primary.btn-search-filter:hover, .btn-outline-primary.btn-search-filter:not(:disabled):not(.disabled):active {\n        color: #fff!important;\n        background:  #eb3c90;\n    }\n\n    .fancy-navigator-btn {\n        color: #fff;\n        background: radial-gradient(\n            circle,\n            #eb3c90 80%,\n            #ffffff 100%\n        );\n    }\n\n    .fancy-navigator-btn::after {\n        box-shadow:\n            0 0 0 0 rgba(235, 60, 144, 0.25),\n            0 0 0 6px rgba(235, 60, 144, 0.18),\n            0 0 0 12px rgba(235, 60, 144, 0.08),\n            0 4px 12px rgb(0 0 0 \/ 13%); *\/\n            \n        animation: fancy-pulse 2s infinite;\n    }\n\n    @keyframes fancy-pulse {\n        0% {\n            box-shadow:\n            0 0 0 0 rgba(235, 60, 144, 0.25),\n            0 0 0 6px rgba(235, 60, 144, 0.18),\n            0 0 0 12px rgba(235, 60, 144, 0.08),\n            0 4px 12px rgb(0 0 0 \/ 13%);\n        }\n\n        70% {\n            box-shadow:\n            0 0 0 40px rgba(235, 60, 144, 0),\n            0 0 0 60px rgba(235, 60, 144, 0),\n            0 0 0 80px rgba(235, 60, 144, 0),\n            0 4px 12px rgb(0 0 0 \/ 13%);\n        }\n\n        100% {\n            box-shadow:\n            0 0 0 0 rgba(235, 60, 144, 0.25),\n            0 0 0 6px rgba(235, 60, 144, 0.18),\n            0 0 0 12px rgba(235, 60, 144, 0.08),\n            0 4px 12px rgb(0 0 0 \/ 13%);\n        }\n    }\n<\/style>    \n\n        <style>\n          \/* have to use !important since it's used in widget-default-styles.php *\/\n          .page-header__text.widget__heading {\n            color:  !important;\n          }\n\n          .page-header.widget__heading--background {\n            background-color:  !important;\n          }\n        <\/style>\n\n        <jip-page-header help-text=\"Groups are designed to help you stay connected  and work more effectively with your colleagues. Explore the groups available to you or create a new one to get started!\" page-title=\"Groups\" >\n        <\/jip-page-header>\n      \t\t<\/div>\n\t\t\t\t<\/div>\n\t\t\t\t<div class=\"elementor-element elementor-element-85c8b48 elementor-widget elementor-widget-text-editor\" data-id=\"85c8b48\" data-element_type=\"widget\" data-widget_type=\"text-editor.default\">\n\t\t\t\t<div class=\"elementor-widget-container\">\n\t\t\t<style>\/*! elementor - v3.16.0 - 20-09-2023 *\/\n.elementor-widget-text-editor.elementor-drop-cap-view-stacked .elementor-drop-cap{background-color:#69727d;color:#fff}.elementor-widget-text-editor.elementor-drop-cap-view-framed .elementor-drop-cap{color:#69727d;border:3px solid;background-color:transparent}.elementor-widget-text-editor:not(.elementor-drop-cap-view-default) .elementor-drop-cap{margin-top:8px}.elementor-widget-text-editor:not(.elementor-drop-cap-view-default) .elementor-drop-cap-letter{width:1em;height:1em}.elementor-widget-text-editor .elementor-drop-cap{float:left;text-align:center;line-height:1;font-size:50px}.elementor-widget-text-editor .elementor-drop-cap-letter{display:inline-block}<\/style>\t\t\t\tLes Groupes sont des espaces permettant aux \u00e9quipes, aux d\u00e9partements ou aux communaut\u00e9s de se connecter, de collaborer et de partager des informations.\nLes Groupes offrent une plateforme centrale pour toutes vos communications et activit\u00e9s.\t\t\t\t\t\t<\/div>\n\t\t\t\t<\/div>\n\t\t\t\t<div class=\"elementor-element elementor-element-56e31fb elementor-widget elementor-widget-jip-group-tiles\" data-id=\"56e31fb\" data-element_type=\"widget\" data-widget_type=\"jip-group-tiles.default\">\n\t\t\t\t<div class=\"elementor-widget-container\">\n\t\t\t              <jip-group-tiles\n        domain=\"community.switzerland-innovation.com\"\n        page_size=\"6\"\n        columns=\"3\"\n        show_paginator=\"1\"\n        show_creation_btn=\"1\"\n        is_open_in_new_tab=\"\"\n        bg_color=\"\"\n        org_id=\"269\"\n\n      ><\/jip-group-tiles>\n        \t\t<\/div>\n\t\t\t\t<\/div>\n\t\t\t\t\t<\/div>\n\t\t<\/div>\n\t\t\t\t\t\t\t<\/div>\n\t\t<\/section>\n\t\t\t\t\t\t\t<\/div>","protected":false},"excerpt":{"rendered":"<p>Gruppen sind R\u00e4ume f\u00fcr Teams, Abteilungen oder Gemeinschaften, um sich zu vernetzen, zusammenzuarbeiten und Informationen auszutauschen. Gruppen bieten eine zentrale Anlaufstelle f\u00fcr all Ihre Kommunikation und Aktivit\u00e4ten.<\/p>","protected":false},"author":18,"featured_media":0,"parent":0,"menu_order":0,"comment_status":"closed","ping_status":"closed","template":"page-templates\/landing-page.php","meta":{"footnotes":""},"folder":[],"aioseo_notices":[],"_links":{"self":[{"href":"https:\/\/community-baselarea.switzerland-innovation.com\/fr_ch\/wp-json\/wp\/v2\/pages\/4413"}],"collection":[{"href":"https:\/\/community-baselarea.switzerland-innovation.com\/fr_ch\/wp-json\/wp\/v2\/pages"}],"about":[{"href":"https:\/\/community-baselarea.switzerland-innovation.com\/fr_ch\/wp-json\/wp\/v2\/types\/page"}],"author":[{"embeddable":true,"href":"https:\/\/community-baselarea.switzerland-innovation.com\/fr_ch\/wp-json\/wp\/v2\/users\/18"}],"replies":[{"embeddable":true,"href":"https:\/\/community-baselarea.switzerland-innovation.com\/fr_ch\/wp-json\/wp\/v2\/comments?post=4413"}],"version-history":[{"count":18,"href":"https:\/\/community-baselarea.switzerland-innovation.com\/fr_ch\/wp-json\/wp\/v2\/pages\/4413\/revisions"}],"predecessor-version":[{"id":7239,"href":"https:\/\/community-baselarea.switzerland-innovation.com\/fr_ch\/wp-json\/wp\/v2\/pages\/4413\/revisions\/7239"}],"wp:attachment":[{"href":"https:\/\/community-baselarea.switzerland-innovation.com\/fr_ch\/wp-json\/wp\/v2\/media?parent=4413"}],"wp:term":[{"taxonomy":"folder","embeddable":true,"href":"https:\/\/community-baselarea.switzerland-innovation.com\/fr_ch\/wp-json\/wp\/v2\/folder?post=4413"}],"curies":[{"name":"wp","href":"https:\/\/api.w.org\/{rel}","templated":true}]}}